{"id":35382,"date":"2023-09-21T16:09:40","date_gmt":"2023-09-21T14:09:40","guid":{"rendered":"https:\/\/footki.com\/?post_type=product&#038;p=35382"},"modified":"2024-05-29T23:04:10","modified_gmt":"2024-05-29T21:04:10","slug":"footki-pro","status":"publish","type":"product","link":"https:\/\/footki.com\/en\/product\/footki-pro\/","title":{"rendered":"Footki Pro"},"content":{"rendered":"<div data-elementor-type=\"wp-post\" data-elementor-id=\"35382\" class=\"elementor elementor-35382\" data-elementor-post-type=\"product\">\n\t\t\t\t\t\t<section class=\"elementor-section elementor-top-section elementor-element elementor-element-6fba9d97 elementor-section-boxed elementor-section-height-default elementor-section-height-default\" data-id=\"6fba9d97\" data-element_type=\"section\">\r\n\t\t\t\t\t\t<div class=\"elementor-container elementor-column-gap-thegem\"><div class=\"elementor-row\">\r\n\t\t\t\t\t<div class=\"elementor-column elementor-col-50 elementor-top-column elementor-element elementor-element-646ca034\" data-id=\"646ca034\" data-element_type=\"column\">\n\t\t\t<div class=\"elementor-widget-wrap elementor-element-populated\">\n\t\t\t\t\t\t<div class=\"elementor-element elementor-element-809e69d flex-horizontal-align-default flex-horizontal-align-tablet-default flex-horizontal-align-mobile-default flex-vertical-align-default flex-vertical-align-tablet-default flex-vertical-align-mobile-default elementor-widget elementor-widget-heading\" data-id=\"809e69d\" data-element_type=\"widget\" data-widget_type=\"heading.default\">\n\t\t\t\t<div class=\"elementor-widget-container\">\n\t\t\t<h2 class=\"elementor-heading-title elementor-size-default\">QUALITY MANUFACTURING AND FRENCH 100%   <\/h2>\t\t<\/div>\n\t\t\t\t<\/div>\n\t\t\t\t<div class=\"elementor-element elementor-element-36f5cc11 flex-horizontal-align-default flex-horizontal-align-tablet-default flex-horizontal-align-mobile-default flex-vertical-align-default flex-vertical-align-tablet-default flex-vertical-align-mobile-default elementor-widget elementor-widget-heading\" data-id=\"36f5cc11\" data-element_type=\"widget\" data-widget_type=\"heading.default\">\n\t\t\t\t<div class=\"elementor-widget-container\">\n\t\t\t<div class=\"default elementor-heading-title elementor-size-default\">Nous fabriquons nos FOOTKI enti\u00e8rement chez nos partenaires industriels dans l\u2019ouest de la France.<\/div>\t\t<\/div>\n\t\t\t\t<\/div>\n\t\t\t\t<div class=\"elementor-element elementor-element-6c51a7e flex-horizontal-align-default flex-horizontal-align-tablet-default flex-horizontal-align-mobile-default flex-vertical-align-default flex-vertical-align-tablet-default flex-vertical-align-mobile-default elementor-widget elementor-widget-heading\" data-id=\"6c51a7e\" data-element_type=\"widget\" data-widget_type=\"heading.default\">\n\t\t\t\t<div class=\"elementor-widget-container\">\n\t\t\t<h2 class=\"elementor-heading-title elementor-size-default\">STRUCTURE <\/h2>\t\t<\/div>\n\t\t\t\t<\/div>\n\t\t\t\t<div class=\"elementor-element elementor-element-a1af20c elementor-align-left elementor-icon-list--layout-traditional elementor-list-item-link-full_width flex-horizontal-align-default flex-horizontal-align-tablet-default flex-horizontal-align-mobile-default flex-vertical-align-default flex-vertical-align-tablet-default flex-vertical-align-mobile-default elementor-widget elementor-widget-icon-list\" data-id=\"a1af20c\" data-element_type=\"widget\" data-widget_type=\"icon-list.default\">\n\t\t\t\t<div class=\"elementor-widget-container\">\n\t\t\t\t\t<ul class=\"elementor-icon-list-items\">\n\t\t\t\t\t\t\t<li class=\"elementor-icon-list-item\">\n\t\t\t\t\t\t\t\t\t\t\t<span class=\"elementor-icon-list-icon\">\n\t\t\t\t\t\t\t<i aria-hidden=\"true\" class=\"fas fa-check\"><\/i>\t\t\t\t\t\t<\/span>\n\t\t\t\t\t\t\t\t\t\t<span class=\"elementor-icon-list-text\">Int\u00e9rieur \/ Ext\u00e9rieur<\/span>\n\t\t\t\t\t\t\t\t\t<\/li>\n\t\t\t\t\t\t\t\t<li class=\"elementor-icon-list-item\">\n\t\t\t\t\t\t\t\t\t\t\t<span class=\"elementor-icon-list-icon\">\n\t\t\t\t\t\t\t<i aria-hidden=\"true\" class=\"fas fa-check\"><\/i>\t\t\t\t\t\t<\/span>\n\t\t\t\t\t\t\t\t\t\t<span class=\"elementor-icon-list-text\">Acier thermolaqu\u00e9<\/span>\n\t\t\t\t\t\t\t\t\t<\/li>\n\t\t\t\t\t\t\t\t<li class=\"elementor-icon-list-item\">\n\t\t\t\t\t\t\t\t\t\t\t<span class=\"elementor-icon-list-icon\">\n\t\t\t\t\t\t\t<i aria-hidden=\"true\" class=\"fas fa-check\"><\/i>\t\t\t\t\t\t<\/span>\n\t\t\t\t\t\t\t\t\t\t<span class=\"elementor-icon-list-text\">Protection anti-corrosion<\/span>\n\t\t\t\t\t\t\t\t\t<\/li>\n\t\t\t\t\t\t\t\t<li class=\"elementor-icon-list-item\">\n\t\t\t\t\t\t\t\t\t\t\t<span class=\"elementor-icon-list-icon\">\n\t\t\t\t\t\t\t<i aria-hidden=\"true\" class=\"fas fa-check\"><\/i>\t\t\t\t\t\t<\/span>\n\t\t\t\t\t\t\t\t\t\t<span class=\"elementor-icon-list-text\">Anti UV<\/span>\n\t\t\t\t\t\t\t\t\t<\/li>\n\t\t\t\t\t\t\t\t<li class=\"elementor-icon-list-item\">\n\t\t\t\t\t\t\t\t\t\t\t<span class=\"elementor-icon-list-icon\">\n\t\t\t\t\t\t\t<i aria-hidden=\"true\" class=\"fas fa-check\"><\/i>\t\t\t\t\t\t<\/span>\n\t\t\t\t\t\t\t\t\t\t<span class=\"elementor-icon-list-text\">Quilles caoutchouc aimant\u00e9es<\/span>\n\t\t\t\t\t\t\t\t\t<\/li>\n\t\t\t\t\t\t\t\t<li class=\"elementor-icon-list-item\">\n\t\t\t\t\t\t\t\t\t\t\t<span class=\"elementor-icon-list-icon\">\n\t\t\t\t\t\t\t<i aria-hidden=\"true\" class=\"fas fa-check\"><\/i>\t\t\t\t\t\t<\/span>\n\t\t\t\t\t\t\t\t\t\t<span class=\"elementor-icon-list-text\">Dimensions : 60 * 50 * 82 cm<\/span>\n\t\t\t\t\t\t\t\t\t<\/li>\n\t\t\t\t\t\t\t\t<li class=\"elementor-icon-list-item\">\n\t\t\t\t\t\t\t\t\t\t\t<span class=\"elementor-icon-list-icon\">\n\t\t\t\t\t\t\t<i aria-hidden=\"true\" class=\"fas fa-check\"><\/i>\t\t\t\t\t\t<\/span>\n\t\t\t\t\t\t\t\t\t\t<span class=\"elementor-icon-list-text\">Poids : de 17kg \u00e0 27kg suivant l'installation<\/span>\n\t\t\t\t\t\t\t\t\t<\/li>\n\t\t\t\t\t\t\t\t<li class=\"elementor-icon-list-item\">\n\t\t\t\t\t\t\t\t\t\t\t<span class=\"elementor-icon-list-icon\">\n\t\t\t\t\t\t\t<i aria-hidden=\"true\" class=\"fas fa-check\"><\/i>\t\t\t\t\t\t<\/span>\n\t\t\t\t\t\t\t\t\t\t<span class=\"elementor-icon-list-text\">Installation fixe ou Socle amovible<\/span>\n\t\t\t\t\t\t\t\t\t<\/li>\n\t\t\t\t\t\t<\/ul>\n\t\t\t\t<\/div>\n\t\t\t\t<\/div>\n\t\t\t\t<div class=\"elementor-element elementor-element-34033984 flex-horizontal-align-default flex-horizontal-align-tablet-default flex-horizontal-align-mobile-default flex-vertical-align-default flex-vertical-align-tablet-default flex-vertical-align-mobile-default elementor-widget elementor-widget-thegem-styledimage\" data-id=\"34033984\" data-element_type=\"widget\" data-settings=\"{&quot;image&quot;:{&quot;url&quot;:&quot;https:\\\/\\\/footki.com\\\/wp-content\\\/uploads\\\/2023\\\/10\\\/FOOTKI-version-tolerie_caoutchouc-1-2.jpg&quot;,&quot;id&quot;:35643,&quot;size&quot;:&quot;&quot;,&quot;alt&quot;:&quot;&quot;,&quot;source&quot;:&quot;library&quot;},&quot;thegem_elementor_preset&quot;:&quot;default&quot;}\" data-widget_type=\"thegem-styledimage.default\">\n\t\t\t\t<div class=\"elementor-widget-container\">\n\t\t\t\n<div class=\"styled-image-wrapper\">\n\t\t<div class=\"centered-box gem-image-centered-box\">\n\t\t\t\t<div class=\"gem-image gem-wrapbox gem-wrapbox-default gem-wrapbox-position-centered\">\n\t\t\t<div class=\"gem-wrapbox-inner\" >\n\t\t\t\t\t\t\t\t\t<img decoding=\"async\" class=\"gem-wrapbox-element img-responsive\"\n\t\t\t\t\t\t src=\"https:\/\/footki.com\/wp-content\/uploads\/2023\/10\/FOOTKI-version-tolerie_caoutchouc-1-2.jpg\"\n\t\t\t\t\t\t alt=\"FOOTKI-version-t\u00f4lerie_caoutchouc---\">\n\t\t\t\t\t\t\t\t<\/div>\n\t\t<\/div>\n\t\t\t<\/div>\n<\/div>\n\n\n\t\n\t\t\t\t<\/div>\n\t\t\t\t<\/div>\n\t\t\t\t\t<\/div>\n\t\t<\/div>\n\t\t\t\t<div class=\"elementor-column elementor-col-50 elementor-top-column elementor-element elementor-element-64f9abf6\" data-id=\"64f9abf6\" data-element_type=\"column\">\n\t\t\t<div class=\"elementor-widget-wrap elementor-element-populated\">\n\t\t\t\t\t\t<div class=\"elementor-element elementor-element-7f5c36a flex-horizontal-align-default flex-horizontal-align-tablet-default flex-horizontal-align-mobile-default flex-vertical-align-default flex-vertical-align-tablet-default flex-vertical-align-mobile-default elementor-widget elementor-widget-thegem-styledimage\" data-id=\"7f5c36a\" data-element_type=\"widget\" data-settings=\"{&quot;image&quot;:{&quot;url&quot;:&quot;https:\\\/\\\/footki.com\\\/wp-content\\\/uploads\\\/2023\\\/10\\\/FOOTKI-version-tolerie_caoutchouc-.jpg&quot;,&quot;id&quot;:35641,&quot;size&quot;:&quot;&quot;,&quot;alt&quot;:&quot;&quot;,&quot;source&quot;:&quot;library&quot;},&quot;thegem_elementor_preset&quot;:&quot;default&quot;}\" data-widget_type=\"thegem-styledimage.default\">\n\t\t\t\t<div class=\"elementor-widget-container\">\n\t\t\t\n<div class=\"styled-image-wrapper\">\n\t\t<div class=\"centered-box gem-image-centered-box\">\n\t\t\t\t<div class=\"gem-image gem-wrapbox gem-wrapbox-default gem-wrapbox-position-centered\">\n\t\t\t<div class=\"gem-wrapbox-inner\" >\n\t\t\t\t\t\t\t\t\t<img decoding=\"async\" class=\"gem-wrapbox-element img-responsive\"\n\t\t\t\t\t\t src=\"https:\/\/footki.com\/wp-content\/uploads\/2023\/10\/FOOTKI-version-tolerie_caoutchouc-.jpg\"\n\t\t\t\t\t\t alt=\"FOOTKI-version-t\u00f4lerie_caoutchouc-\">\n\t\t\t\t\t\t\t\t<\/div>\n\t\t<\/div>\n\t\t\t<\/div>\n<\/div>\n\n\n\t\n\t\t\t\t<\/div>\n\t\t\t\t<\/div>\n\t\t\t\t<div class=\"elementor-element elementor-element-781ad03 flex-horizontal-align-default flex-horizontal-align-tablet-default flex-horizontal-align-mobile-default flex-vertical-align-default flex-vertical-align-tablet-default flex-vertical-align-mobile-default elementor-widget elementor-widget-heading\" data-id=\"781ad03\" data-element_type=\"widget\" data-widget_type=\"heading.default\">\n\t\t\t\t<div class=\"elementor-widget-container\">\n\t\t\t<h2 class=\"elementor-heading-title elementor-size-default\">DECOR <\/h2>\t\t<\/div>\n\t\t\t\t<\/div>\n\t\t\t\t<div class=\"elementor-element elementor-element-e660810 flex-horizontal-align-default flex-horizontal-align-tablet-default flex-horizontal-align-mobile-default flex-vertical-align-default flex-vertical-align-tablet-default flex-vertical-align-mobile-default elementor-widget elementor-widget-text-editor\" data-id=\"e660810\" data-element_type=\"widget\" data-widget_type=\"text-editor.default\">\n\t\t\t\t<div class=\"elementor-widget-container\">\n\t\t\t\t\t\t\t\t\t\t<div class=\"elementor-text-editor elementor-clearfix\">\r\n\t\t\t\t\t\t<ul><li><span class=\"OYPEnA text-decoration-none text-strikethrough-none\">Quilles en caoutchouc aimant\u00e9es<\/span><\/li><li><span class=\"OYPEnA text-decoration-none text-strikethrough-none\">Plateau acier thermolaqu\u00e9 : surface mate l\u00e9g\u00e8rement grain\u00e9<\/span><\/li><li><span class=\"OYPEnA text-decoration-none text-strikethrough-none\">Pieds acier thermolaqu\u00e9 : surface mate l\u00e9g\u00e8rement grain\u00e9<\/span><\/li><li><span class=\"OYPEnA text-decoration-none text-strikethrough-none\">Couleurs personnalis\u00e9es au choix sur demande<\/span><\/li><\/ul>\t\t\t\t\t\t\t<\/div>\r\n\t\t\t\t\t\t\t\t<\/div>\n\t\t\t\t<\/div>\n\t\t\t\t<div class=\"elementor-element elementor-element-479ede0 flex-horizontal-align-default flex-horizontal-align-tablet-default flex-horizontal-align-mobile-default flex-vertical-align-default flex-vertical-align-tablet-default flex-vertical-align-mobile-default elementor-widget elementor-widget-heading\" data-id=\"479ede0\" data-element_type=\"widget\" data-widget_type=\"heading.default\">\n\t\t\t\t<div class=\"elementor-widget-container\">\n\t\t\t<h2 class=\"elementor-heading-title elementor-size-default\">PACKAGING <\/h2>\t\t<\/div>\n\t\t\t\t<\/div>\n\t\t\t\t<div class=\"elementor-element elementor-element-c091e00 flex-horizontal-align-default flex-horizontal-align-tablet-default flex-horizontal-align-mobile-default flex-vertical-align-default flex-vertical-align-tablet-default flex-vertical-align-mobile-default elementor-widget elementor-widget-text-editor\" data-id=\"c091e00\" data-element_type=\"widget\" data-widget_type=\"text-editor.default\">\n\t\t\t\t<div class=\"elementor-widget-container\">\n\t\t\t\t\t\t\t\t\t\t<div class=\"elementor-text-editor elementor-clearfix\">\r\n\t\t\t\t\t\t<ul><li><span class=\"OYPEnA text-decoration-none text-strikethrough-none\">Emball\u00e9 dans une caisse en carton rigide et renforc\u00e9, r\u00e9sistante aux chocs du transport et r\u00e9utilisable pour le stockage.<\/span><\/li><li><span class=\"OYPEnA text-decoration-none text-strikethrough-none\">Comes with instructions and detailed rules of the game, in several languages<\/span><\/li><\/ul>\t\t\t\t\t\t\t<\/div>\r\n\t\t\t\t\t\t\t\t<\/div>\n\t\t\t\t<\/div>\n\t\t\t\t<div class=\"elementor-element elementor-element-bdd4a71 flex-horizontal-align-default flex-horizontal-align-tablet-default flex-horizontal-align-mobile-default flex-vertical-align-default flex-vertical-align-tablet-default flex-vertical-align-mobile-default elementor-widget elementor-widget-thegem-styledimage\" data-id=\"bdd4a71\" data-element_type=\"widget\" data-settings=\"{&quot;image&quot;:{&quot;url&quot;:&quot;https:\\\/\\\/footki.com\\\/wp-content\\\/uploads\\\/2023\\\/09\\\/FOOTKI-version-tolerie_caoutchouc-VF.jpg&quot;,&quot;id&quot;:35732,&quot;size&quot;:&quot;&quot;,&quot;alt&quot;:&quot;&quot;,&quot;source&quot;:&quot;library&quot;},&quot;thegem_elementor_preset&quot;:&quot;default&quot;}\" data-widget_type=\"thegem-styledimage.default\">\n\t\t\t\t<div class=\"elementor-widget-container\">\n\t\t\t\n<div class=\"styled-image-wrapper\">\n\t\t<div class=\"centered-box gem-image-centered-box\">\n\t\t\t\t<div class=\"gem-image gem-wrapbox gem-wrapbox-default gem-wrapbox-position-centered\">\n\t\t\t<div class=\"gem-wrapbox-inner\" >\n\t\t\t\t\t\t\t\t\t<img decoding=\"async\" class=\"gem-wrapbox-element img-responsive\"\n\t\t\t\t\t\t src=\"https:\/\/footki.com\/wp-content\/uploads\/2023\/09\/FOOTKI-version-tolerie_caoutchouc-VF.jpg\"\n\t\t\t\t\t\t alt=\"FOOTKI-version-t\u00f4lerie_caoutchouc-VF\">\n\t\t\t\t\t\t\t\t<\/div>\n\t\t<\/div>\n\t\t\t<\/div>\n<\/div>\n\n\n\t\n\t\t\t\t<\/div>\n\t\t\t\t<\/div>\n\t\t\t\t\t<\/div>\n\t\t<\/div>\n\t\t\t\t\t<\/div><\/div>\r\n\t\t<\/section>\r\n\t\t\t\t<\/div>","protected":false},"excerpt":{"rendered":"<p>Nous fabriquons nos FOOTKI enti\u00e8rement chez nos partenaires industriels dans l\u2019ouest de la France.<\/p>","protected":false},"featured_media":35504,"comment_status":"closed","ping_status":"closed","template":"","meta":[],"product_cat":[50],"product_tag":[66],"class_list":{"0":"post-35382","1":"product","2":"type-product","3":"status-publish","4":"has-post-thumbnail","6":"product_cat-nouveaute","7":"product_tag-sport","9":"first","10":"instock","11":"featured","12":"taxable","13":"shipping-taxable","14":"product-type-variable"},"yoast_head":"<!-- This site is optimized with the Yoast SEO Premium plugin v20.11 (Yoast SEO v22.2) - https:\/\/yoast.com\/wordpress\/plugins\/seo\/ -->\n<title>Footki Pro - Footki<\/title>\n<meta name=\"description\" content=\"Footki le nouveau de pr\u00e9cision fabriqu\u00e9 en France. Joue avec tes amis en plein air et vise les quilles sur le plateau. Livraison Janvier 2024\" \/>\n<meta name=\"robots\" content=\"index, follow, max-snippet:-1, max-image-preview:large, max-video-preview:-1\" \/>\n<link rel=\"canonical\" href=\"https:\/\/footki.com\/en\/product\/footki-pro\/\" \/>\n<meta property=\"og:locale\" content=\"en_US\" \/>\n<meta property=\"og:type\" content=\"article\" \/>\n<meta property=\"og:title\" content=\"Footki Pro\" \/>\n<meta property=\"og:description\" content=\"Footki le nouveau de pr\u00e9cision fabriqu\u00e9 en France. Joue avec tes amis en plein air et vise les quilles sur le plateau. Livraison Janvier 2024\" \/>\n<meta property=\"og:url\" content=\"https:\/\/footki.com\/en\/product\/footki-pro\/\" \/>\n<meta property=\"og:site_name\" content=\"Footki\" \/>\n<meta property=\"article:publisher\" content=\"https:\/\/www.facebook.com\/footki.officiel\" \/>\n<meta property=\"article:modified_time\" content=\"2024-05-29T21:04:10+00:00\" \/>\n<meta property=\"og:image\" content=\"https:\/\/footki.com\/wp-content\/uploads\/2023\/10\/FOOTKI-version-tolerie_caoutchouc-cote.jpg\" \/>\n\t<meta property=\"og:image:width\" content=\"800\" \/>\n\t<meta property=\"og:image:height\" content=\"566\" \/>\n\t<meta property=\"og:image:type\" content=\"image\/jpeg\" \/>\n<meta name=\"twitter:card\" content=\"summary_large_image\" \/>\n<meta name=\"twitter:label1\" content=\"Est. reading time\" \/>\n\t<meta name=\"twitter:data1\" content=\"2 minutes\" \/>\n<script type=\"application\/ld+json\" class=\"yoast-schema-graph\">{\"@context\":\"https:\/\/schema.org\",\"@graph\":[{\"@type\":\"WebPage\",\"@id\":\"https:\/\/footki.com\/produit\/footki-pro\/\",\"url\":\"https:\/\/footki.com\/produit\/footki-pro\/\",\"name\":\"Footki Pro - Footki\",\"isPartOf\":{\"@id\":\"https:\/\/footki.com\/#website\"},\"primaryImageOfPage\":{\"@id\":\"https:\/\/footki.com\/produit\/footki-pro\/#primaryimage\"},\"image\":{\"@id\":\"https:\/\/footki.com\/produit\/footki-pro\/#primaryimage\"},\"thumbnailUrl\":\"https:\/\/footki.com\/wp-content\/uploads\/2023\/10\/FOOTKI-version-tolerie_caoutchouc-cote.jpg\",\"datePublished\":\"2023-09-21T14:09:40+00:00\",\"dateModified\":\"2024-05-29T21:04:10+00:00\",\"description\":\"Footki le nouveau de pr\u00e9cision fabriqu\u00e9 en France. Joue avec tes amis en plein air et vise les quilles sur le plateau. Livraison Janvier 2024\",\"breadcrumb\":{\"@id\":\"https:\/\/footki.com\/produit\/footki-pro\/#breadcrumb\"},\"inLanguage\":\"en-US\",\"potentialAction\":[{\"@type\":\"ReadAction\",\"target\":[\"https:\/\/footki.com\/produit\/footki-pro\/\"]}]},{\"@type\":\"ImageObject\",\"inLanguage\":\"en-US\",\"@id\":\"https:\/\/footki.com\/produit\/footki-pro\/#primaryimage\",\"url\":\"https:\/\/footki.com\/wp-content\/uploads\/2023\/10\/FOOTKI-version-tolerie_caoutchouc-cote.jpg\",\"contentUrl\":\"https:\/\/footki.com\/wp-content\/uploads\/2023\/10\/FOOTKI-version-tolerie_caoutchouc-cote.jpg\",\"width\":800,\"height\":566},{\"@type\":\"BreadcrumbList\",\"@id\":\"https:\/\/footki.com\/produit\/footki-pro\/#breadcrumb\",\"itemListElement\":[{\"@type\":\"ListItem\",\"position\":1,\"name\":\"Accueil\",\"item\":\"https:\/\/footki.com\/\"},{\"@type\":\"ListItem\",\"position\":2,\"name\":\"Boutique\",\"item\":\"https:\/\/footki.com\/boutique\/\"},{\"@type\":\"ListItem\",\"position\":3,\"name\":\"Footki Pro\"}]},{\"@type\":\"WebSite\",\"@id\":\"https:\/\/footki.com\/#website\",\"url\":\"https:\/\/footki.com\/\",\"name\":\"Footki\",\"description\":\"La pr\u00e9cision au bout du pied\",\"publisher\":{\"@id\":\"https:\/\/footki.com\/#organization\"},\"potentialAction\":[{\"@type\":\"SearchAction\",\"target\":{\"@type\":\"EntryPoint\",\"urlTemplate\":\"https:\/\/footki.com\/?s={search_term_string}\"},\"query-input\":\"required name=search_term_string\"}],\"inLanguage\":\"en-US\"},{\"@type\":\"Organization\",\"@id\":\"https:\/\/footki.com\/#organization\",\"name\":\"Footki\",\"url\":\"https:\/\/footki.com\/\",\"logo\":{\"@type\":\"ImageObject\",\"inLanguage\":\"en-US\",\"@id\":\"https:\/\/footki.com\/#\/schema\/logo\/image\/\",\"url\":\"https:\/\/footki.com\/wp-content\/uploads\/2023\/03\/logo-footki-officiel-1.png\",\"contentUrl\":\"https:\/\/footki.com\/wp-content\/uploads\/2023\/03\/logo-footki-officiel-1.png\",\"width\":5954,\"height\":1820,\"caption\":\"Footki\"},\"image\":{\"@id\":\"https:\/\/footki.com\/#\/schema\/logo\/image\/\"},\"sameAs\":[\"https:\/\/www.facebook.com\/footki.officiel\",\"https:\/\/www.instagram.com\/footki_\/\",\"https:\/\/youtube.com\/footki_officiel\",\"https:\/\/www.linkedin.com\/company\/footki\/\"]}]}<\/script>\n<!-- \/ Yoast SEO Premium plugin. -->","yoast_head_json":{"title":"Footki Pro - Footki","description":"Footki le nouveau de pr\u00e9cision fabriqu\u00e9 en France. Joue avec tes amis en plein air et vise les quilles sur le plateau. Livraison Janvier 2024","robots":{"index":"index","follow":"follow","max-snippet":"max-snippet:-1","max-image-preview":"max-image-preview:large","max-video-preview":"max-video-preview:-1"},"canonical":"https:\/\/footki.com\/en\/product\/footki-pro\/","og_locale":"en_US","og_type":"article","og_title":"Footki Pro","og_description":"Footki le nouveau de pr\u00e9cision fabriqu\u00e9 en France. Joue avec tes amis en plein air et vise les quilles sur le plateau. Livraison Janvier 2024","og_url":"https:\/\/footki.com\/en\/product\/footki-pro\/","og_site_name":"Footki","article_publisher":"https:\/\/www.facebook.com\/footki.officiel","article_modified_time":"2024-05-29T21:04:10+00:00","og_image":[{"width":800,"height":566,"url":"https:\/\/footki.com\/wp-content\/uploads\/2023\/10\/FOOTKI-version-tolerie_caoutchouc-cote.jpg","type":"image\/jpeg"}],"twitter_card":"summary_large_image","twitter_misc":{"Est. reading time":"2 minutes"},"schema":{"@context":"https:\/\/schema.org","@graph":[{"@type":"WebPage","@id":"https:\/\/footki.com\/produit\/footki-pro\/","url":"https:\/\/footki.com\/produit\/footki-pro\/","name":"Footki Pro - Footki","isPartOf":{"@id":"https:\/\/footki.com\/#website"},"primaryImageOfPage":{"@id":"https:\/\/footki.com\/produit\/footki-pro\/#primaryimage"},"image":{"@id":"https:\/\/footki.com\/produit\/footki-pro\/#primaryimage"},"thumbnailUrl":"https:\/\/footki.com\/wp-content\/uploads\/2023\/10\/FOOTKI-version-tolerie_caoutchouc-cote.jpg","datePublished":"2023-09-21T14:09:40+00:00","dateModified":"2024-05-29T21:04:10+00:00","description":"Footki le nouveau de pr\u00e9cision fabriqu\u00e9 en France. Joue avec tes amis en plein air et vise les quilles sur le plateau. Livraison Janvier 2024","breadcrumb":{"@id":"https:\/\/footki.com\/produit\/footki-pro\/#breadcrumb"},"inLanguage":"en-US","potentialAction":[{"@type":"ReadAction","target":["https:\/\/footki.com\/produit\/footki-pro\/"]}]},{"@type":"ImageObject","inLanguage":"en-US","@id":"https:\/\/footki.com\/produit\/footki-pro\/#primaryimage","url":"https:\/\/footki.com\/wp-content\/uploads\/2023\/10\/FOOTKI-version-tolerie_caoutchouc-cote.jpg","contentUrl":"https:\/\/footki.com\/wp-content\/uploads\/2023\/10\/FOOTKI-version-tolerie_caoutchouc-cote.jpg","width":800,"height":566},{"@type":"BreadcrumbList","@id":"https:\/\/footki.com\/produit\/footki-pro\/#breadcrumb","itemListElement":[{"@type":"ListItem","position":1,"name":"Accueil","item":"https:\/\/footki.com\/"},{"@type":"ListItem","position":2,"name":"Boutique","item":"https:\/\/footki.com\/boutique\/"},{"@type":"ListItem","position":3,"name":"Footki Pro"}]},{"@type":"WebSite","@id":"https:\/\/footki.com\/#website","url":"https:\/\/footki.com\/","name":"Footki","description":"La pr\u00e9cision au bout du pied","publisher":{"@id":"https:\/\/footki.com\/#organization"},"potentialAction":[{"@type":"SearchAction","target":{"@type":"EntryPoint","urlTemplate":"https:\/\/footki.com\/?s={search_term_string}"},"query-input":"required name=search_term_string"}],"inLanguage":"en-US"},{"@type":"Organization","@id":"https:\/\/footki.com\/#organization","name":"Footki","url":"https:\/\/footki.com\/","logo":{"@type":"ImageObject","inLanguage":"en-US","@id":"https:\/\/footki.com\/#\/schema\/logo\/image\/","url":"https:\/\/footki.com\/wp-content\/uploads\/2023\/03\/logo-footki-officiel-1.png","contentUrl":"https:\/\/footki.com\/wp-content\/uploads\/2023\/03\/logo-footki-officiel-1.png","width":5954,"height":1820,"caption":"Footki"},"image":{"@id":"https:\/\/footki.com\/#\/schema\/logo\/image\/"},"sameAs":["https:\/\/www.facebook.com\/footki.officiel","https:\/\/www.instagram.com\/footki_\/","https:\/\/youtube.com\/footki_officiel","https:\/\/www.linkedin.com\/company\/footki\/"]}]}},"_links":{"self":[{"href":"https:\/\/footki.com\/en\/wp-json\/wp\/v2\/product\/35382","targetHints":{"allow":["GET"]}}],"collection":[{"href":"https:\/\/footki.com\/en\/wp-json\/wp\/v2\/product"}],"about":[{"href":"https:\/\/footki.com\/en\/wp-json\/wp\/v2\/types\/product"}],"replies":[{"embeddable":true,"href":"https:\/\/footki.com\/en\/wp-json\/wp\/v2\/comments?post=35382"}],"version-history":[{"count":25,"href":"https:\/\/footki.com\/en\/wp-json\/wp\/v2\/product\/35382\/revisions"}],"predecessor-version":[{"id":35922,"href":"https:\/\/footki.com\/en\/wp-json\/wp\/v2\/product\/35382\/revisions\/35922"}],"wp:featuredmedia":[{"embeddable":true,"href":"https:\/\/footki.com\/en\/wp-json\/wp\/v2\/media\/35504"}],"wp:attachment":[{"href":"https:\/\/footki.com\/en\/wp-json\/wp\/v2\/media?parent=35382"}],"wp:term":[{"taxonomy":"product_cat","embeddable":true,"href":"https:\/\/footki.com\/en\/wp-json\/wp\/v2\/product_cat?post=35382"},{"taxonomy":"product_tag","embeddable":true,"href":"https:\/\/footki.com\/en\/wp-json\/wp\/v2\/product_tag?post=35382"}],"curies":[{"name":"wp","href":"https:\/\/api.w.org\/{rel}","templated":true}]}}