{"id":33402,"date":"2023-06-05T12:14:21","date_gmt":"2023-06-05T10:14:21","guid":{"rendered":"https:\/\/footki.com\/?post_type=product&#038;p=33402"},"modified":"2023-10-05T21:29:39","modified_gmt":"2023-10-05T19:29:39","slug":"pack-club","status":"publish","type":"product","link":"https:\/\/footki.com\/en\/product\/pack-club\/","title":{"rendered":"Footki Club"},"content":{"rendered":"<div data-elementor-type=\"wp-post\" data-elementor-id=\"33402\" class=\"elementor elementor-33402\" data-elementor-post-type=\"product\">\n\t\t\t\t\t\t<section class=\"elementor-section elementor-top-section elementor-element elementor-element-2d0c1b6 elementor-section-boxed elementor-section-height-default elementor-section-height-default\" data-id=\"2d0c1b6\" data-element_type=\"section\">\r\n\t\t\t\t\t\t<div class=\"elementor-container elementor-column-gap-thegem\"><div class=\"elementor-row\">\r\n\t\t\t\t\t<div class=\"elementor-column elementor-col-50 elementor-top-column elementor-element elementor-element-27545ad\" data-id=\"27545ad\" data-element_type=\"column\">\n\t\t\t<div class=\"elementor-widget-wrap elementor-element-populated\">\n\t\t\t\t\t\t<div class=\"elementor-element elementor-element-33d6c67 flex-horizontal-align-default flex-horizontal-align-tablet-default flex-horizontal-align-mobile-default flex-vertical-align-default flex-vertical-align-tablet-default flex-vertical-align-mobile-default elementor-widget elementor-widget-heading\" data-id=\"33d6c67\" data-element_type=\"widget\" data-widget_type=\"heading.default\">\n\t\t\t\t<div class=\"elementor-widget-container\">\n\t\t\t<h2 class=\"elementor-heading-title elementor-size-default\">QUALITY MANUFACTURING AND FRENCH 100% <\/h2>\t\t<\/div>\n\t\t\t\t<\/div>\n\t\t\t\t<div class=\"elementor-element elementor-element-e322bfe flex-horizontal-align-default flex-horizontal-align-tablet-default flex-horizontal-align-mobile-default flex-vertical-align-default flex-vertical-align-tablet-default flex-vertical-align-mobile-default elementor-widget elementor-widget-heading\" data-id=\"e322bfe\" data-element_type=\"widget\" data-widget_type=\"heading.default\">\n\t\t\t\t<div class=\"elementor-widget-container\">\n\t\t\t<div class=\"default elementor-heading-title elementor-size-default\">Nous fabriquons nos FOOTKI enti\u00e8rement chez nos partenaires industriels dans l\u2019ouest de la France. (Sites FR : Pays de Loire) \nTous nos mod\u00e8les sont conformes aux normes CE pour l\u2019injection plastique et aux normes PEFC pour nos quilles en bois. \n<\/div>\t\t<\/div>\n\t\t\t\t<\/div>\n\t\t\t\t<div class=\"elementor-element elementor-element-e7919a6 flex-horizontal-align-default flex-horizontal-align-tablet-default flex-horizontal-align-mobile-default flex-vertical-align-default flex-vertical-align-tablet-default flex-vertical-align-mobile-default elementor-widget elementor-widget-heading\" data-id=\"e7919a6\" data-element_type=\"widget\" data-widget_type=\"heading.default\">\n\t\t\t\t<div class=\"elementor-widget-container\">\n\t\t\t<h2 class=\"elementor-heading-title elementor-size-default\">STRUCTURE <\/h2>\t\t<\/div>\n\t\t\t\t<\/div>\n\t\t\t\t<div class=\"elementor-element elementor-element-368c4e6 flex-horizontal-align-default flex-horizontal-align-tablet-default flex-horizontal-align-mobile-default flex-vertical-align-default flex-vertical-align-tablet-default flex-vertical-align-mobile-default elementor-widget elementor-widget-text-editor\" data-id=\"368c4e6\" data-element_type=\"widget\" data-widget_type=\"text-editor.default\">\n\t\t\t\t<div class=\"elementor-widget-container\">\n\t\t\t\t\t\t\t\t\t\t<div class=\"elementor-text-editor elementor-clearfix\">\r\n\t\t\t\t\t\t<ul><li>Quilles lamell\u00e9 coll\u00e9 about\u00e9 de 270*70*50 cm cong\u00e9 R10, d&#8217;origine europ\u00e9enne labellis\u00e9 PEFC, for\u00eats g\u00e9r\u00e9es durablement.<\/li><li>Digital pin cutting<\/li><li>Plateau en plastique PP normes CE de 60\/31 cm, de 3 cm d&#8217;\u00e9paisseur, en 2 parties clips\u00e9es entre elles avec l\u2019int\u00e9gration d\u2019aimants cach\u00e9s dans le plateau pour le maintien des quilles lors du transport et du jeu.<\/li><li>Cut-resistant rounded top edges<\/li><li>CE standard PP plastic feet, 57.5 cm long, ribbed for better rigidity<\/li><li>Weight: 4.100 kg<\/li><\/ul>\t\t\t\t\t\t\t<\/div>\r\n\t\t\t\t\t\t\t\t<\/div>\n\t\t\t\t<\/div>\n\t\t\t\t<div class=\"elementor-element elementor-element-5046750 flex-horizontal-align-default flex-horizontal-align-tablet-default flex-horizontal-align-mobile-default flex-vertical-align-default flex-vertical-align-tablet-default flex-vertical-align-mobile-default elementor-widget elementor-widget-thegem-styledimage\" data-id=\"5046750\" data-element_type=\"widget\" data-settings=\"{&quot;image&quot;:{&quot;url&quot;:&quot;https:\\\/\\\/footki.com\\\/wp-content\\\/uploads\\\/2023\\\/06\\\/footki-jeu-d-adresse-football-fiche-produit.jpg&quot;,&quot;id&quot;:34794,&quot;size&quot;:&quot;&quot;,&quot;alt&quot;:&quot;&quot;,&quot;source&quot;:&quot;library&quot;},&quot;thegem_elementor_preset&quot;:&quot;default&quot;}\" data-widget_type=\"thegem-styledimage.default\">\n\t\t\t\t<div class=\"elementor-widget-container\">\n\t\t\t\n<div class=\"styled-image-wrapper\">\n\t\t\t<div class=\"gem-image gem-wrapbox gem-wrapbox-default gem-wrapbox-position-left\">\n\t\t\t<div class=\"gem-wrapbox-inner\" >\n\t\t\t\t\t\t\t\t\t<img decoding=\"async\" class=\"gem-wrapbox-element img-responsive\"\n\t\t\t\t\t\t src=\"https:\/\/footki.com\/wp-content\/uploads\/2023\/06\/footki-jeu-d-adresse-football-fiche-produit.jpg\"\n\t\t\t\t\t\t alt=\"footki-jeu-d-adresse-football-fiche-produit\">\n\t\t\t\t\t\t\t\t<\/div>\n\t\t<\/div>\n\t\t<\/div>\n\n\n\t\n\t\t\t\t<\/div>\n\t\t\t\t<\/div>\n\t\t\t\t\t<\/div>\n\t\t<\/div>\n\t\t\t\t<div class=\"elementor-column elementor-col-50 elementor-top-column elementor-element elementor-element-c1eb634\" data-id=\"c1eb634\" data-element_type=\"column\">\n\t\t\t<div class=\"elementor-widget-wrap elementor-element-populated\">\n\t\t\t\t\t\t<div class=\"elementor-element elementor-element-dd30ba9 flex-horizontal-align-default flex-horizontal-align-tablet-default flex-horizontal-align-mobile-default flex-vertical-align-default flex-vertical-align-tablet-default flex-vertical-align-mobile-default elementor-widget elementor-widget-thegem-styledimage\" data-id=\"dd30ba9\" data-element_type=\"widget\" data-settings=\"{&quot;image&quot;:{&quot;url&quot;:&quot;https:\\\/\\\/footki.com\\\/wp-content\\\/uploads\\\/2023\\\/06\\\/footki-jeu-d-adresse-qulle-football-fiche-produit2.jpg&quot;,&quot;id&quot;:34941,&quot;size&quot;:&quot;&quot;,&quot;alt&quot;:&quot;&quot;,&quot;source&quot;:&quot;library&quot;},&quot;thegem_elementor_preset&quot;:&quot;default&quot;}\" data-widget_type=\"thegem-styledimage.default\">\n\t\t\t\t<div class=\"elementor-widget-container\">\n\t\t\t\n<div class=\"styled-image-wrapper\">\n\t\t\t<div class=\"gem-image gem-wrapbox gem-wrapbox-default gem-wrapbox-position-left\">\n\t\t\t<div class=\"gem-wrapbox-inner\" >\n\t\t\t\t\t\t\t\t\t<img decoding=\"async\" class=\"gem-wrapbox-element img-responsive\"\n\t\t\t\t\t\t src=\"https:\/\/footki.com\/wp-content\/uploads\/2023\/06\/footki-jeu-d-adresse-qulle-football-fiche-produit2.jpg\"\n\t\t\t\t\t\t alt=\"footki-jeu-d-adresse-qulle-football-fiche-produit2\">\n\t\t\t\t\t\t\t\t<\/div>\n\t\t<\/div>\n\t\t<\/div>\n\n\n\t\n\t\t\t\t<\/div>\n\t\t\t\t<\/div>\n\t\t\t\t<div class=\"elementor-element elementor-element-7d3b6cc flex-horizontal-align-default flex-horizontal-align-tablet-default flex-horizontal-align-mobile-default flex-vertical-align-default flex-vertical-align-tablet-default flex-vertical-align-mobile-default elementor-widget elementor-widget-heading\" data-id=\"7d3b6cc\" data-element_type=\"widget\" data-widget_type=\"heading.default\">\n\t\t\t\t<div class=\"elementor-widget-container\">\n\t\t\t<h2 class=\"elementor-heading-title elementor-size-default\">DECOR <\/h2>\t\t<\/div>\n\t\t\t\t<\/div>\n\t\t\t\t<div class=\"elementor-element elementor-element-fc66e4b flex-horizontal-align-default flex-horizontal-align-tablet-default flex-horizontal-align-mobile-default flex-vertical-align-default flex-vertical-align-tablet-default flex-vertical-align-mobile-default elementor-widget elementor-widget-text-editor\" data-id=\"fc66e4b\" data-element_type=\"widget\" data-widget_type=\"text-editor.default\">\n\t\t\t\t<div class=\"elementor-widget-container\">\n\t\t\t\t\t\t\t\t\t\t<div class=\"elementor-text-editor elementor-clearfix\">\r\n\t\t\t\t\t\t<ul><li>3-ply ribbed beech pins with natural finish<\/li><li>Top: lightly grained matte surface, smooth shiny logo background.<\/li><li>Foot: slightly grained matte surface<\/li><li>Choice of colors for better personalization<\/li><\/ul>\t\t\t\t\t\t\t<\/div>\r\n\t\t\t\t\t\t\t\t<\/div>\n\t\t\t\t<\/div>\n\t\t\t\t<div class=\"elementor-element elementor-element-3835b77 flex-horizontal-align-default flex-horizontal-align-tablet-default flex-horizontal-align-mobile-default flex-vertical-align-default flex-vertical-align-tablet-default flex-vertical-align-mobile-default elementor-widget elementor-widget-heading\" data-id=\"3835b77\" data-element_type=\"widget\" data-widget_type=\"heading.default\">\n\t\t\t\t<div class=\"elementor-widget-container\">\n\t\t\t<h2 class=\"elementor-heading-title elementor-size-default\">PACKAGING <\/h2>\t\t<\/div>\n\t\t\t\t<\/div>\n\t\t\t\t<div class=\"elementor-element elementor-element-4608610 flex-horizontal-align-default flex-horizontal-align-tablet-default flex-horizontal-align-mobile-default flex-vertical-align-default flex-vertical-align-tablet-default flex-vertical-align-mobile-default elementor-widget elementor-widget-text-editor\" data-id=\"4608610\" data-element_type=\"widget\" data-widget_type=\"text-editor.default\">\n\t\t\t\t<div class=\"elementor-widget-container\">\n\t\t\t\t\t\t\t\t\t\t<div class=\"elementor-text-editor elementor-clearfix\">\r\n\t\t\t\t\t\t<ul><li>Packed in a rigid and reinforced cardboard box, resistant to transport shocks and reusable for storage<\/li><li><p>Comes with instructions and detailed rules of the game, in several languages<\/p><\/li><\/ul>\t\t\t\t\t\t\t<\/div>\r\n\t\t\t\t\t\t\t\t<\/div>\n\t\t\t\t<\/div>\n\t\t\t\t\t<\/div>\n\t\t<\/div>\n\t\t\t\t\t<\/div><\/div>\r\n\t\t<\/section>\r\n\t\t\t\t<\/div>","protected":false},"excerpt":{"rendered":"<p>We manufacture our FOOTKI entirely at our industrial partners in the west of France. (FR sites: Pays de Loire)<\/p>","protected":false},"featured_media":34478,"comment_status":"open","ping_status":"closed","template":"","meta":[],"product_cat":[50],"product_tag":[66],"class_list":{"0":"post-33402","1":"product","2":"type-product","3":"status-publish","4":"has-post-thumbnail","6":"product_cat-nouveaute","7":"product_tag-sport","9":"first","10":"outofstock","11":"featured","12":"taxable","13":"shipping-taxable","14":"purchasable","15":"product-type-variable"},"yoast_head":"<!-- This site is optimized with the Yoast SEO Premium plugin v20.11 (Yoast SEO v22.2) - https:\/\/yoast.com\/wordpress\/plugins\/seo\/ -->\n<title>Footki Club - Footki<\/title>\n<meta name=\"description\" content=\"Footki le nouveau de pr\u00e9cision fabriqu\u00e9 en France. Joue avec tes amis en plein air et vise les quilles sur le plateau. Livraison Janvier 2024\" \/>\n<meta name=\"robots\" content=\"index, follow, max-snippet:-1, max-image-preview:large, max-video-preview:-1\" \/>\n<link rel=\"canonical\" href=\"https:\/\/footki.com\/en\/product\/pack-club\/\" \/>\n<meta property=\"og:locale\" content=\"en_US\" \/>\n<meta property=\"og:type\" content=\"article\" \/>\n<meta property=\"og:title\" content=\"Footki Club\" \/>\n<meta property=\"og:description\" content=\"Footki le nouveau de pr\u00e9cision fabriqu\u00e9 en France. Joue avec tes amis en plein air et vise les quilles sur le plateau. Livraison Janvier 2024\" \/>\n<meta property=\"og:url\" content=\"https:\/\/footki.com\/en\/product\/pack-club\/\" \/>\n<meta property=\"og:site_name\" content=\"Footki\" \/>\n<meta property=\"article:publisher\" content=\"https:\/\/www.facebook.com\/footki.officiel\" \/>\n<meta property=\"article:modified_time\" content=\"2023-10-05T19:29:39+00:00\" \/>\n<meta property=\"og:image\" content=\"https:\/\/footki.com\/wp-content\/uploads\/2023\/06\/FOOTKI-scene-5pcs-VF-1024x724.png\" \/>\n\t<meta property=\"og:image:width\" content=\"1024\" \/>\n\t<meta property=\"og:image:height\" content=\"724\" \/>\n\t<meta property=\"og:image:type\" content=\"image\/png\" \/>\n<meta name=\"twitter:card\" content=\"summary_large_image\" \/>\n<meta name=\"twitter:label1\" content=\"Est. reading time\" \/>\n\t<meta name=\"twitter:data1\" content=\"2 minutes\" \/>\n<script type=\"application\/ld+json\" class=\"yoast-schema-graph\">{\"@context\":\"https:\/\/schema.org\",\"@graph\":[{\"@type\":\"WebPage\",\"@id\":\"https:\/\/footki.com\/produit\/pack-club\/\",\"url\":\"https:\/\/footki.com\/produit\/pack-club\/\",\"name\":\"Footki Club - Footki\",\"isPartOf\":{\"@id\":\"https:\/\/footki.com\/#website\"},\"primaryImageOfPage\":{\"@id\":\"https:\/\/footki.com\/produit\/pack-club\/#primaryimage\"},\"image\":{\"@id\":\"https:\/\/footki.com\/produit\/pack-club\/#primaryimage\"},\"thumbnailUrl\":\"https:\/\/footki.com\/wp-content\/uploads\/2023\/06\/FOOTKI-scene-5pcs-VF.png\",\"datePublished\":\"2023-06-05T10:14:21+00:00\",\"dateModified\":\"2023-10-05T19:29:39+00:00\",\"description\":\"Footki le nouveau de pr\u00e9cision fabriqu\u00e9 en France. Joue avec tes amis en plein air et vise les quilles sur le plateau. Livraison Janvier 2024\",\"breadcrumb\":{\"@id\":\"https:\/\/footki.com\/produit\/pack-club\/#breadcrumb\"},\"inLanguage\":\"en-US\",\"potentialAction\":[{\"@type\":\"ReadAction\",\"target\":[\"https:\/\/footki.com\/produit\/pack-club\/\"]}]},{\"@type\":\"ImageObject\",\"inLanguage\":\"en-US\",\"@id\":\"https:\/\/footki.com\/produit\/pack-club\/#primaryimage\",\"url\":\"https:\/\/footki.com\/wp-content\/uploads\/2023\/06\/FOOTKI-scene-5pcs-VF.png\",\"contentUrl\":\"https:\/\/footki.com\/wp-content\/uploads\/2023\/06\/FOOTKI-scene-5pcs-VF.png\",\"width\":3840,\"height\":2715,\"caption\":\"FOOTK Num\u00e9ro+ blanc pack club 5\"},{\"@type\":\"BreadcrumbList\",\"@id\":\"https:\/\/footki.com\/produit\/pack-club\/#breadcrumb\",\"itemListElement\":[{\"@type\":\"ListItem\",\"position\":1,\"name\":\"Accueil\",\"item\":\"https:\/\/footki.com\/\"},{\"@type\":\"ListItem\",\"position\":2,\"name\":\"Boutique\",\"item\":\"https:\/\/footki.com\/boutique\/\"},{\"@type\":\"ListItem\",\"position\":3,\"name\":\"Footki Club\"}]},{\"@type\":\"WebSite\",\"@id\":\"https:\/\/footki.com\/#website\",\"url\":\"https:\/\/footki.com\/\",\"name\":\"Footki\",\"description\":\"La pr\u00e9cision au bout du pied\",\"publisher\":{\"@id\":\"https:\/\/footki.com\/#organization\"},\"potentialAction\":[{\"@type\":\"SearchAction\",\"target\":{\"@type\":\"EntryPoint\",\"urlTemplate\":\"https:\/\/footki.com\/?s={search_term_string}\"},\"query-input\":\"required name=search_term_string\"}],\"inLanguage\":\"en-US\"},{\"@type\":\"Organization\",\"@id\":\"https:\/\/footki.com\/#organization\",\"name\":\"Footki\",\"url\":\"https:\/\/footki.com\/\",\"logo\":{\"@type\":\"ImageObject\",\"inLanguage\":\"en-US\",\"@id\":\"https:\/\/footki.com\/#\/schema\/logo\/image\/\",\"url\":\"https:\/\/footki.com\/wp-content\/uploads\/2023\/03\/logo-footki-officiel-1.png\",\"contentUrl\":\"https:\/\/footki.com\/wp-content\/uploads\/2023\/03\/logo-footki-officiel-1.png\",\"width\":5954,\"height\":1820,\"caption\":\"Footki\"},\"image\":{\"@id\":\"https:\/\/footki.com\/#\/schema\/logo\/image\/\"},\"sameAs\":[\"https:\/\/www.facebook.com\/footki.officiel\",\"https:\/\/www.instagram.com\/footki_\/\",\"https:\/\/youtube.com\/footki_officiel\",\"https:\/\/www.linkedin.com\/company\/footki\/\"]}]}<\/script>\n<!-- \/ Yoast SEO Premium plugin. -->","yoast_head_json":{"title":"Footki Club - Footki","description":"Footki le nouveau de pr\u00e9cision fabriqu\u00e9 en France. Joue avec tes amis en plein air et vise les quilles sur le plateau. Livraison Janvier 2024","robots":{"index":"index","follow":"follow","max-snippet":"max-snippet:-1","max-image-preview":"max-image-preview:large","max-video-preview":"max-video-preview:-1"},"canonical":"https:\/\/footki.com\/en\/product\/pack-club\/","og_locale":"en_US","og_type":"article","og_title":"Footki Club","og_description":"Footki le nouveau de pr\u00e9cision fabriqu\u00e9 en France. Joue avec tes amis en plein air et vise les quilles sur le plateau. Livraison Janvier 2024","og_url":"https:\/\/footki.com\/en\/product\/pack-club\/","og_site_name":"Footki","article_publisher":"https:\/\/www.facebook.com\/footki.officiel","article_modified_time":"2023-10-05T19:29:39+00:00","og_image":[{"width":1024,"height":724,"url":"https:\/\/footki.com\/wp-content\/uploads\/2023\/06\/FOOTKI-scene-5pcs-VF-1024x724.png","type":"image\/png"}],"twitter_card":"summary_large_image","twitter_misc":{"Est. reading time":"2 minutes"},"schema":{"@context":"https:\/\/schema.org","@graph":[{"@type":"WebPage","@id":"https:\/\/footki.com\/produit\/pack-club\/","url":"https:\/\/footki.com\/produit\/pack-club\/","name":"Footki Club - Footki","isPartOf":{"@id":"https:\/\/footki.com\/#website"},"primaryImageOfPage":{"@id":"https:\/\/footki.com\/produit\/pack-club\/#primaryimage"},"image":{"@id":"https:\/\/footki.com\/produit\/pack-club\/#primaryimage"},"thumbnailUrl":"https:\/\/footki.com\/wp-content\/uploads\/2023\/06\/FOOTKI-scene-5pcs-VF.png","datePublished":"2023-06-05T10:14:21+00:00","dateModified":"2023-10-05T19:29:39+00:00","description":"Footki le nouveau de pr\u00e9cision fabriqu\u00e9 en France. Joue avec tes amis en plein air et vise les quilles sur le plateau. Livraison Janvier 2024","breadcrumb":{"@id":"https:\/\/footki.com\/produit\/pack-club\/#breadcrumb"},"inLanguage":"en-US","potentialAction":[{"@type":"ReadAction","target":["https:\/\/footki.com\/produit\/pack-club\/"]}]},{"@type":"ImageObject","inLanguage":"en-US","@id":"https:\/\/footki.com\/produit\/pack-club\/#primaryimage","url":"https:\/\/footki.com\/wp-content\/uploads\/2023\/06\/FOOTKI-scene-5pcs-VF.png","contentUrl":"https:\/\/footki.com\/wp-content\/uploads\/2023\/06\/FOOTKI-scene-5pcs-VF.png","width":3840,"height":2715,"caption":"FOOTK Num\u00e9ro+ blanc pack club 5"},{"@type":"BreadcrumbList","@id":"https:\/\/footki.com\/produit\/pack-club\/#breadcrumb","itemListElement":[{"@type":"ListItem","position":1,"name":"Accueil","item":"https:\/\/footki.com\/"},{"@type":"ListItem","position":2,"name":"Boutique","item":"https:\/\/footki.com\/boutique\/"},{"@type":"ListItem","position":3,"name":"Footki Club"}]},{"@type":"WebSite","@id":"https:\/\/footki.com\/#website","url":"https:\/\/footki.com\/","name":"Footki","description":"La pr\u00e9cision au bout du pied","publisher":{"@id":"https:\/\/footki.com\/#organization"},"potentialAction":[{"@type":"SearchAction","target":{"@type":"EntryPoint","urlTemplate":"https:\/\/footki.com\/?s={search_term_string}"},"query-input":"required name=search_term_string"}],"inLanguage":"en-US"},{"@type":"Organization","@id":"https:\/\/footki.com\/#organization","name":"Footki","url":"https:\/\/footki.com\/","logo":{"@type":"ImageObject","inLanguage":"en-US","@id":"https:\/\/footki.com\/#\/schema\/logo\/image\/","url":"https:\/\/footki.com\/wp-content\/uploads\/2023\/03\/logo-footki-officiel-1.png","contentUrl":"https:\/\/footki.com\/wp-content\/uploads\/2023\/03\/logo-footki-officiel-1.png","width":5954,"height":1820,"caption":"Footki"},"image":{"@id":"https:\/\/footki.com\/#\/schema\/logo\/image\/"},"sameAs":["https:\/\/www.facebook.com\/footki.officiel","https:\/\/www.instagram.com\/footki_\/","https:\/\/youtube.com\/footki_officiel","https:\/\/www.linkedin.com\/company\/footki\/"]}]}},"_links":{"self":[{"href":"https:\/\/footki.com\/en\/wp-json\/wp\/v2\/product\/33402","targetHints":{"allow":["GET"]}}],"collection":[{"href":"https:\/\/footki.com\/en\/wp-json\/wp\/v2\/product"}],"about":[{"href":"https:\/\/footki.com\/en\/wp-json\/wp\/v2\/types\/product"}],"replies":[{"embeddable":true,"href":"https:\/\/footki.com\/en\/wp-json\/wp\/v2\/comments?post=33402"}],"version-history":[{"count":1,"href":"https:\/\/footki.com\/en\/wp-json\/wp\/v2\/product\/33402\/revisions"}],"predecessor-version":[{"id":35060,"href":"https:\/\/footki.com\/en\/wp-json\/wp\/v2\/product\/33402\/revisions\/35060"}],"wp:featuredmedia":[{"embeddable":true,"href":"https:\/\/footki.com\/en\/wp-json\/wp\/v2\/media\/34478"}],"wp:attachment":[{"href":"https:\/\/footki.com\/en\/wp-json\/wp\/v2\/media?parent=33402"}],"wp:term":[{"taxonomy":"product_cat","embeddable":true,"href":"https:\/\/footki.com\/en\/wp-json\/wp\/v2\/product_cat?post=33402"},{"taxonomy":"product_tag","embeddable":true,"href":"https:\/\/footki.com\/en\/wp-json\/wp\/v2\/product_tag?post=33402"}],"curies":[{"name":"wp","href":"https:\/\/api.w.org\/{rel}","templated":true}]}}