{"id":93,"date":"2019-05-08T16:08:48","date_gmt":"2019-05-08T16:08:48","guid":{"rendered":"https:\/\/democontent.codex-themes.com\/sites-elementor\/construction\/home-2\/"},"modified":"2024-09-10T15:08:50","modified_gmt":"2024-09-10T13:08:50","slug":"contact","status":"publish","type":"page","link":"https:\/\/footki.com\/en\/contact\/","title":{"rendered":"Contact"},"content":{"rendered":"<div data-elementor-type=\"wp-page\" data-elementor-id=\"93\" class=\"elementor elementor-93\" data-elementor-post-type=\"page\">\n\t\t\t\t\t\t<section class=\"elementor-section elementor-top-section elementor-element elementor-element-3692831 elementor-section-height-min-height elementor-section-boxed elementor-section-height-default elementor-section-items-middle\" data-id=\"3692831\" data-element_type=\"section\" data-settings=\"{&quot;background_background&quot;:&quot;classic&quot;,&quot;thegem_custom_css&quot;:&quot;@media(max-width:1400px) and (min-width: 1199px) {\\n    .hero-column .elementor-widget-wrap{\\n        padding-top: 195px!important;\\n    }\\n}&quot;}\">\r\n\t\t\t\t\t\t\t<div class=\"elementor-background-overlay\"><\/div>\r\n\t\t\t\t\t\t\t<div class=\"elementor-container elementor-column-gap-thegem\"><div class=\"elementor-row\">\r\n\t\t\t\t\t<div class=\"elementor-column elementor-col-50 elementor-top-column elementor-element elementor-element-72ad7d6\" data-id=\"72ad7d6\" data-element_type=\"column\">\n\t\t\t<div class=\"elementor-widget-wrap elementor-element-populated\">\n\t\t\t\t\t\t<div class=\"elementor-element elementor-element-f321c3e elementor-widget__width-initial flex-horizontal-align-default flex-horizontal-align-tablet-default flex-horizontal-align-mobile-default flex-vertical-align-default flex-vertical-align-tablet-default flex-vertical-align-mobile-default elementor-widget elementor-widget-thegem-cta\" data-id=\"f321c3e\" data-element_type=\"widget\" data-settings=\"{&quot;thegem_elementor_preset&quot;:&quot;solid-box&quot;}\" data-widget_type=\"thegem-cta.default\">\n\t\t\t\t<div class=\"elementor-widget-container\">\n\t\t\t\n<div class=\"gem-alert-box\">\n\n\t\n\t\t<div class=\"gem-alert-box-top gem-alert-box-top-none default-fill\">\n\t\t\t\t\t<\/div>\n\t\n\t<div class=\"gem-alert-inner default-background button-bottom\">\n\n\t\t\t\n\n\t\t\t\n\t\t\t<div class=\"gem-alert-box-content\">\n\t\t\t\t\t\t\t\t\t\n\t\t\t\t<h1 class=\"gem-cta-title title-h1 bold\">\n\t\t\t\t\tContact\t\t\t\t<\/h1>\n\n\t\t\t\n\n\t\t\t\n\t\t\t\t<div class=\"gem-cta-description gem-text-output\">\n\t\t\t\t\t<p class=\"styled-subtitle\" style=\"font-size: 21px\">Shoot, try, pass but above all have fun!<\/p>\t\t\t\t<\/div>\n\t\t\t\n\t\t\t\t\t<\/div>\n\n\t\t\t<div class=\"gem-alert-box-buttons\">\n\t\t\t\t\n\t\t\t\t\t\t\t\t\t\t\t<div class=\"gem-button-container-1 gem-widget-button\">\n\t\t\t\t\t\t\t\t\t\t<a class=\"gem-button gem-button-size-medium gem-button-text-weight-thin gem-button-style-flat\" href=\"#reseaux\">\n\t\t\t\t\t\t<span class=\"gem-inner-wrapper-btn\">\n\t\t\t\t\t\t\t\t\t\t\t\t\t\t\t<span class=\"gem-button-icon\">\n\t\t\t\t\t\t\t\t\t<i aria-hidden=\"true\" class=\"fas fa-play\"><\/i>\t\t\t\t\t\t\t\t<\/span>\n\t\t\t\t\t\t\t\t\t\t\t\t\t\t<span class=\"gem-text-button\">\n\t\t\t\t\t\t\t\tFollow us\t\t\t\t\t\t\t<\/span>\n\t\t\t\t\t\t<\/span>\n\t\t\t\t\t<\/a>\n\t\t\t\t<\/div>\n\t\t\t\n\t\t\t\t\t\t\t\t\t\t\t<div class=\"gem-button-container-2 gem-widget-button\">\n\t\t\t\t\t\t\t\t\t\t<a class=\"gem-button gem-button-size-medium gem-button-text-weight-thin gem-button-style-flat\" href=\"#form-contact\">\n\t\t\t\t\t\t<span class=\"gem-inner-wrapper-btn\">\n\t\t\t\t\t\t\t\t\t\t\t\t\t\t\t<span class=\"gem-button-icon\">\n\t\t\t\t\t\t\t\t\t<i aria-hidden=\"true\" class=\"gem-elegant arrow-right\"><\/i>\t\t\t\t\t\t\t\t<\/span>\n\t\t\t\t\t\t\t\t\t\t\t\t\t\t<span class=\"gem-text-button\">\n\t\t\t\t\t\t\t\tSend a message\t\t\t\t\t\t\t<\/span>\n\t\t\t\t\t\t<\/span>\n\t\t\t\t\t<\/a>\n\t\t\t\t<\/div>\n\t\t\t\t\t\t<\/div>\n\n\t\t\t\n\n\t<\/div>\n\n\t\n\t\t<div class=\"gem-alert-box-bottom gem-alert-box-bottom-none default-fill\">\n\t\t\t\t<\/div>\n\t<\/div>\t\t<\/div>\n\t\t\t\t<\/div>\n\t\t\t\t\t<\/div>\n\t\t<\/div>\n\t\t\t\t<div class=\"elementor-column elementor-col-50 elementor-top-column elementor-element elementor-element-5b0fa99 elementor-hidden-mobile\" data-id=\"5b0fa99\" data-element_type=\"column\">\n\t\t\t<div class=\"elementor-widget-wrap\">\n\t\t\t\t\t\t\t<\/div>\n\t\t<\/div>\n\t\t\t\t\t<\/div><\/div>\r\n\t\t<\/section>\r\n\t\t\t\t<section class=\"elementor-section elementor-top-section elementor-element elementor-element-4b4e821 elementor-section-boxed elementor-section-height-default elementor-section-height-default\" data-id=\"4b4e821\" data-element_type=\"section\">\r\n\t\t\t\t\t\t<div class=\"elementor-container elementor-column-gap-thegem\"><div class=\"elementor-row\">\r\n\t\t\t\t\t<div class=\"elementor-column elementor-col-100 elementor-top-column elementor-element elementor-element-25e7f97\" data-id=\"25e7f97\" data-element_type=\"column\">\n\t\t\t<div class=\"elementor-widget-wrap elementor-element-populated\">\n\t\t\t\t\t\t<div class=\"elementor-element elementor-element-566a277 flex-horizontal-align-default flex-horizontal-align-tablet-default flex-horizontal-align-mobile-default flex-vertical-align-default flex-vertical-align-tablet-default flex-vertical-align-mobile-default elementor-widget elementor-widget-heading\" data-id=\"566a277\" data-element_type=\"widget\" data-widget_type=\"heading.default\">\n\t\t\t\t<div class=\"elementor-widget-container\">\n\t\t\t<h2 class=\"elementor-heading-title elementor-size-default\">Write us a message<\/h2>\t\t<\/div>\n\t\t\t\t<\/div>\n\t\t\t\t<div class=\"elementor-element elementor-element-feffa63 elementor-widget-divider--view-line flex-horizontal-align-default flex-horizontal-align-tablet-default flex-horizontal-align-mobile-default flex-vertical-align-default flex-vertical-align-tablet-default flex-vertical-align-mobile-default elementor-widget elementor-widget-divider\" data-id=\"feffa63\" data-element_type=\"widget\" data-widget_type=\"divider.default\">\n\t\t\t\t<div class=\"elementor-widget-container\">\n\t\t\t\t\t<div class=\"elementor-divider\">\n\t\t\t<span class=\"elementor-divider-separator\">\n\t\t\t\t\t\t<\/span>\n\t\t<\/div>\n\t\t\t\t<\/div>\n\t\t\t\t<\/div>\n\t\t\t\t<div class=\"elementor-element elementor-element-7ff9234 flex-horizontal-align-default flex-horizontal-align-tablet-default flex-horizontal-align-mobile-default flex-vertical-align-default flex-vertical-align-tablet-default flex-vertical-align-mobile-default elementor-widget elementor-widget-menu-anchor\" data-id=\"7ff9234\" data-element_type=\"widget\" data-widget_type=\"menu-anchor.default\">\n\t\t\t\t<div class=\"elementor-widget-container\">\n\t\t\t\t\t<div id=\"form-contact\" class=\"elementor-menu-anchor\"><\/div>\n\t\t\t\t<\/div>\n\t\t\t\t<\/div>\n\t\t\t\t<section class=\"elementor-section elementor-inner-section elementor-element elementor-element-703aa9b elementor-section-boxed elementor-section-height-default elementor-section-height-default\" data-id=\"703aa9b\" data-element_type=\"section\">\r\n\t\t\t\t\t\t<div class=\"elementor-container elementor-column-gap-thegem\"><div class=\"elementor-row\">\r\n\t\t\t\t\t<div class=\"elementor-column elementor-col-50 elementor-inner-column elementor-element elementor-element-89949fd\" data-id=\"89949fd\" data-element_type=\"column\">\n\t\t\t<div class=\"elementor-widget-wrap elementor-element-populated\">\n\t\t\t\t\t\t<div class=\"elementor-element elementor-element-2231ace flex-horizontal-align-default flex-horizontal-align-tablet-default flex-horizontal-align-mobile-default flex-vertical-align-default flex-vertical-align-tablet-default flex-vertical-align-mobile-default elementor-widget elementor-widget-menu-anchor\" data-id=\"2231ace\" data-element_type=\"widget\" data-widget_type=\"menu-anchor.default\">\n\t\t\t\t<div class=\"elementor-widget-container\">\n\t\t\t\t\t<div id=\"form-contact\" class=\"elementor-menu-anchor\"><\/div>\n\t\t\t\t<\/div>\n\t\t\t\t<\/div>\n\t\t\t\t<div class=\"elementor-element elementor-element-324d8ef flex-horizontal-align-default flex-horizontal-align-tablet-default flex-horizontal-align-mobile-default flex-vertical-align-default flex-vertical-align-tablet-default flex-vertical-align-mobile-default elementor-widget elementor-widget-thegem-contact-form7\" data-id=\"324d8ef\" data-element_type=\"widget\" data-settings=\"{&quot;thegem_elementor_preset&quot;:&quot;dark-simple&quot;}\" data-widget_type=\"thegem-contact-form7.default\">\n\t\t\t\t<div class=\"elementor-widget-container\">\n\t\t\t\n<div class=\"wpcf7 no-js\" id=\"wpcf7-f5-o1\" lang=\"en-US\" dir=\"ltr\">\n<div class=\"screen-reader-response\"><p role=\"status\" aria-live=\"polite\" aria-atomic=\"true\"><\/p> <ul><\/ul><\/div>\n<form action=\"\/en\/wp-json\/wp\/v2\/pages\/93#wpcf7-f5-o1\" method=\"post\" class=\"wpcf7-form init thegem-cf7 gem-contact-form-dark gem-contact-form-simple-line form-324d8ef label-top\" aria-label=\"Contact form\" novalidate=\"novalidate\" data-status=\"init\" data-trp-original-action=\"\/en\/wp-json\/wp\/v2\/pages\/93#wpcf7-f5-o1\">\n<div style=\"display: none;\">\n<input type=\"hidden\" name=\"_wpcf7\" value=\"5\" \/>\n<input type=\"hidden\" name=\"_wpcf7_version\" value=\"5.9\" \/>\n<input type=\"hidden\" name=\"_wpcf7_locale\" value=\"en_US\" \/>\n<input type=\"hidden\" name=\"_wpcf7_unit_tag\" value=\"wpcf7-f5-o1\" \/>\n<input type=\"hidden\" name=\"_wpcf7_container_post\" value=\"0\" \/>\n<input type=\"hidden\" name=\"_wpcf7_posted_data_hash\" value=\"\" \/>\n<\/div>\n<div class=\"contact-form row\">\n        <div class=\"form-line col-lg-12 col-md-12 col-xs-12\" style=\"margin-bottom: 50px;\">\n\t\t<div class=\"form-line gem-form-icon-user\"><span class=\"wpcf7-form-control-wrap\" data-name=\"your-name\"><input size=\"40\" class=\"wpcf7-form-control wpcf7-text wpcf7-validates-as-required\" aria-required=\"true\" aria-invalid=\"false\" placeholder=\"Your name*\" value=\"\" type=\"text\" name=\"your-name\" \/><\/span><\/div>\n\t<\/div>\n\n\t<div class=\"form-line col-lg-12 col-md-12 col-xs-12\" style=\"margin-bottom: 50px;\">\n\t\t<div class=\"form-line gem-form-icon-email\"><span class=\"wpcf7-form-control-wrap\" data-name=\"your-email\"><input size=\"40\" class=\"wpcf7-form-control wpcf7-email wpcf7-validates-as-required wpcf7-text wpcf7-validates-as-email\" aria-required=\"true\" aria-invalid=\"false\" placeholder=\"Your email...*\" value=\"\" type=\"email\" name=\"your-email\" \/><\/span><\/div>\n\t<\/div>\n\n\t<div class=\"form-line col-lg-12 col-md-12 col-xs-12\" style=\"margin-bottom: 50px;\">\n\t\t<div class=\"form-line gem-form-icon-email\"><span class=\"wpcf7-form-control-wrap\" data-name=\"your-tel\"><input size=\"40\" class=\"wpcf7-form-control wpcf7-tel wpcf7-text wpcf7-validates-as-tel\" aria-invalid=\"false\" placeholder=\"Your phone...*\" value=\"\" type=\"tel\" name=\"your-tel\" \/><\/span><\/div>\n\t<\/div>\n\n<div class=\"form-line col-lg-12 col-md-12 col-xs-12\" style=\"margin-bottom: 50px;\">\n\t\t<div class=\"form-line gem-form-icon-envelope\"><span class=\"wpcf7-form-control-wrap\" data-name=\"your-message\"><input size=\"40\" class=\"wpcf7-form-control wpcf7-text wpcf7-validates-as-required\" aria-required=\"true\" aria-invalid=\"false\" placeholder=\"Your message*\" value=\"\" type=\"text\" name=\"your-message\" \/><\/span><\/div>\n\t<\/div>\n\n\t<div class=\"form-line col-lg-12 col-md-12 col-xs-12\">\n<div id=\"cf7sr-69db0c67152cd\" class=\"cf7sr-g-recaptcha\" data-theme=\"light\" data-type=\"image\" data-size=\"normal\" data-sitekey=\"6LfOAuUUAAAAAONJgZWKTvnsO9gSApuyPmtiyj-n\"><\/div><span class=\"wpcf7-form-control-wrap cf7sr-recaptcha\" data-name=\"cf7sr-recaptcha\"><input type=\"hidden\" name=\"cf7sr-recaptcha\" value=\"\" class=\"wpcf7-form-control\"><\/span>\n\t\t<div class=\"gem-button-container gem-button-position-fullwidth\"><input class=\"gem-button gem-button-size-medium gem-button-style-flat gem-button-text-weight-normal wpcf7-form-control wpcf7-submit has-spinner gem-button-wpcf-custom\" style=\"border-radius: 0px;background-color: #3C3950FF;color: #FFFFFFFF;\" onmouseleave=\"this.style.backgroundColor='#3C3950FF';this.style.color='#FFFFFFFF';\" onmouseenter=\"this.style.backgroundColor='#B6C6C9FF';this.style.color='#FFFFFFFF';\" id=\"\" tabindex=\"\" type=\"submit\" value=\"Send\" \/><\/div> \n\t<\/div>\n\n<\/div><div class=\"wpcf7-response-output\" aria-hidden=\"true\"><\/div>\n<input type=\"hidden\" name=\"trp-form-language\" value=\"en\"\/><\/form>\n<\/div>\n\t\t<\/div>\n\t\t\t\t<\/div>\n\t\t\t\t\t<\/div>\n\t\t<\/div>\n\t\t\t\t<div class=\"elementor-column elementor-col-50 elementor-inner-column elementor-element elementor-element-efa79f7\" data-id=\"efa79f7\" data-element_type=\"column\">\n\t\t\t<div class=\"elementor-widget-wrap elementor-element-populated\">\n\t\t\t\t\t\t<div class=\"elementor-element elementor-element-3ec390f flex-horizontal-align-default flex-horizontal-align-tablet-default flex-horizontal-align-mobile-default flex-vertical-align-default flex-vertical-align-tablet-default flex-vertical-align-mobile-default elementor-widget elementor-widget-thegem-quickfinders\" data-id=\"3ec390f\" data-element_type=\"widget\" data-settings=\"{&quot;thegem_elementor_preset&quot;:&quot;grid-basic-centered&quot;}\" data-widget_type=\"thegem-quickfinders.default\">\n\t\t\t\t<div class=\"elementor-widget-container\">\n\t\t\t\n<div class=\"quickfinder row inline-row quickfinder-style-grid-basic-centered\">\n\t\t\t<div class=\"lazy-loading  quickfinder-item inline-column col-md-12 col-sm-6 col-xs-12\">\n\n\t\t\t\n\t\t\t\t<div class=\"quickfinder-item-inner icon-top icon-wrapping-none centered-box button-bottom lazy-loading-item\" data-ll-effect=\"fading\" data-ll-item-delay=\"200\"> \n\n\t\t\t\t\t\t\t\t\t\t\t<div class=\"quickfinder-icon-container\">\n\n\t<div class=\"connector-container\">\n\t\t<span><\/span>\n\t<\/div>\n\n\t<div class=\"gem-qf-icon-image-wrapper lazy-loading-item\" data-ll-effect=\"clip\">\n\t\t\n\t\t\t<div class=\"gem-icon gem-icon-pack-fontawesome gem-icon-size-medium  gem-icon-shape-default\">\n\n\t\t\t\t\n\t\t\t\t<div class=\"icon-hover-bg fade\"><\/div>\n\n\t\t\t\t<div class=\"gem-icon-inner\">\n\t\t\t\t\t\n\t\t\t\t\t\t\t\t\t\t\t\t<div class=\"padding-box-inner\">\n\t\t\t\t\t\t\t\n\t\t\t\t\t\t\t\t\t\t\t\t\t\t\t<span class=\"gem-icon-half-1\">\n\t\t\t\t\t\t\t\t\t<span class=\"back-angle\">\n\t\t\t\t\t\t\t\t\t\t<i aria-hidden=\"true\" class=\"gem-elegant icon-headphones\"><\/i>\t\t\t\t\t\t\t\t\t<\/span>\n\t\t\t\t\t\t\t\t<\/span>\n\t\t\t\t\t\t\t\t<span class=\"gem-icon-half-2\">\n\t\t\t\t\t\t\t\t\t<span class=\"back-angle\">\n\t\t\t\t\t\t\t\t\t\t<i aria-hidden=\"true\" class=\"gem-elegant icon-headphones\"><\/i>\t\t\t\t\t\t\t\t\t<\/span>\n\t\t\t\t\t\t\t\t<\/span>\n\t\t\t\t\t\t\t\n\t\t\t\t\t\t<\/div>\n\n\t\t\t\t\t\t\n\t\t\t\t\t\t\t\t\t<\/div>\n\t\t\t\t\n\t\t\t<\/div>\n\n\t\t\n\t\t\t<\/div>\n\n\t<div class=\"connector-container\">\n\t\t<span><\/span>\n\t<\/div>\n\n<\/div>\n\n\t\t\t\t\t\n\t\t\t\t\t<div class=\"quickfinder-item-info-wrapper\"> \n\t\t\t\t\t\t<div class=\"quickfinder-item-info lazy-loading-item\" data-ll-effect=\"fading\" data-ll-item-delay=\"200\">\n\t\n\t\t<h5 class=\"quickfinder-title title-h5 bold\">\n\t\t\tCall us\t\t<\/h5>\n\t\n\t\n\t\t<div class=\"quickfinder-description gem-text-output\">\n\t\t\t<p>Phone: <span style=\"color: #000;\"><a style=\"color: #000;\" href=\"tel:0609175607\">06 09 17 56 07<\/a><\/span><br \/>Email: contact@footki.com<\/p>\t\t<\/div>\n\t\n\t<\/div>\t\t\t\t\t<\/div>\n\n\t\t\t\t\t\n\t\t\t\t<\/div>\n\n\t\t\t\t\t<\/div>\n\t<\/div>\n\t\t<\/div>\n\t\t\t\t<\/div>\n\t\t\t\t\t<\/div>\n\t\t<\/div>\n\t\t\t\t\t<\/div><\/div>\r\n\t\t<\/section>\r\n\t\t\t\t\t<\/div>\n\t\t<\/div>\n\t\t\t\t\t<\/div><\/div>\r\n\t\t<\/section>\r\n\t\t\t\t<\/div>","protected":false},"excerpt":{"rendered":"<p>Contact Tir, tente, passe mais surtout amuse-toi ! Suivez-nous Envoyer un message Ecrivez-nous un message Appelez-nous T\u00e9l\u00e9phone: 06 09 17&#8230;<\/p>","protected":false},"author":1,"featured_media":0,"parent":0,"menu_order":0,"comment_status":"closed","ping_status":"closed","template":"page-fullwidth.php","meta":{"footnotes":""},"class_list":["post-93","page","type-page","status-publish"],"yoast_head":"<!-- This site is optimized with the Yoast SEO Premium plugin v20.11 (Yoast SEO v22.2) - https:\/\/yoast.com\/wordpress\/plugins\/seo\/ -->\n<title>Footki - Jeu de foot fabriqu\u00e9 en France - Contactez-nous<\/title>\n<meta name=\"description\" content=\"Jouer \u00e0 un jeu de foot \u00e9mergeant et ludique en 1 contre 1. Contactez-nous pour plus de d\u00e9tails\" \/>\n<meta name=\"robots\" content=\"index, follow, max-snippet:-1, max-image-preview:large, max-video-preview:-1\" \/>\n<link rel=\"canonical\" href=\"https:\/\/footki.com\/en\/contact\/\" \/>\n<meta property=\"og:locale\" content=\"en_US\" \/>\n<meta property=\"og:type\" content=\"article\" \/>\n<meta property=\"og:title\" content=\"Contact\" \/>\n<meta property=\"og:description\" content=\"Jouer \u00e0 un jeu de foot \u00e9mergeant et ludique en 1 contre 1. Contactez-nous pour plus de d\u00e9tails\" \/>\n<meta property=\"og:url\" content=\"https:\/\/footki.com\/en\/contact\/\" \/>\n<meta property=\"og:site_name\" content=\"Footki\" \/>\n<meta property=\"article:publisher\" content=\"https:\/\/www.facebook.com\/footki.officiel\" \/>\n<meta property=\"article:modified_time\" content=\"2024-09-10T13:08:50+00:00\" \/>\n<meta property=\"og:image\" content=\"https:\/\/footki.com\/wp-content\/uploads\/2023\/07\/footki-jeu-quille-football-adresse-stade-club-exercice.jpg\" \/>\n\t<meta property=\"og:image:width\" content=\"1920\" \/>\n\t<meta property=\"og:image:height\" content=\"1080\" \/>\n\t<meta property=\"og:image:type\" content=\"image\/jpeg\" \/>\n<meta name=\"twitter:card\" content=\"summary_large_image\" \/>\n<meta name=\"twitter:label1\" content=\"Est. reading time\" \/>\n\t<meta name=\"twitter:data1\" content=\"1 minute\" \/>\n<script type=\"application\/ld+json\" class=\"yoast-schema-graph\">{\"@context\":\"https:\/\/schema.org\",\"@graph\":[{\"@type\":\"WebPage\",\"@id\":\"https:\/\/footki.com\/contact\/\",\"url\":\"https:\/\/footki.com\/contact\/\",\"name\":\"Footki - Jeu de foot fabriqu\u00e9 en France - Contactez-nous\",\"isPartOf\":{\"@id\":\"https:\/\/footki.com\/#website\"},\"datePublished\":\"2019-05-08T16:08:48+00:00\",\"dateModified\":\"2024-09-10T13:08:50+00:00\",\"description\":\"Jouer \u00e0 un jeu de foot \u00e9mergeant et ludique en 1 contre 1. Contactez-nous pour plus de d\u00e9tails\",\"breadcrumb\":{\"@id\":\"https:\/\/footki.com\/contact\/#breadcrumb\"},\"inLanguage\":\"en-US\",\"potentialAction\":[{\"@type\":\"ReadAction\",\"target\":[\"https:\/\/footki.com\/contact\/\"]}]},{\"@type\":\"BreadcrumbList\",\"@id\":\"https:\/\/footki.com\/contact\/#breadcrumb\",\"itemListElement\":[{\"@type\":\"ListItem\",\"position\":1,\"name\":\"Accueil\",\"item\":\"https:\/\/footki.com\/\"},{\"@type\":\"ListItem\",\"position\":2,\"name\":\"Contact\"}]},{\"@type\":\"WebSite\",\"@id\":\"https:\/\/footki.com\/#website\",\"url\":\"https:\/\/footki.com\/\",\"name\":\"Footki\",\"description\":\"La pr\u00e9cision au bout du pied\",\"publisher\":{\"@id\":\"https:\/\/footki.com\/#organization\"},\"potentialAction\":[{\"@type\":\"SearchAction\",\"target\":{\"@type\":\"EntryPoint\",\"urlTemplate\":\"https:\/\/footki.com\/?s={search_term_string}\"},\"query-input\":\"required name=search_term_string\"}],\"inLanguage\":\"en-US\"},{\"@type\":\"Organization\",\"@id\":\"https:\/\/footki.com\/#organization\",\"name\":\"Footki\",\"url\":\"https:\/\/footki.com\/\",\"logo\":{\"@type\":\"ImageObject\",\"inLanguage\":\"en-US\",\"@id\":\"https:\/\/footki.com\/#\/schema\/logo\/image\/\",\"url\":\"https:\/\/footki.com\/wp-content\/uploads\/2023\/03\/logo-footki-officiel-1.png\",\"contentUrl\":\"https:\/\/footki.com\/wp-content\/uploads\/2023\/03\/logo-footki-officiel-1.png\",\"width\":5954,\"height\":1820,\"caption\":\"Footki\"},\"image\":{\"@id\":\"https:\/\/footki.com\/#\/schema\/logo\/image\/\"},\"sameAs\":[\"https:\/\/www.facebook.com\/footki.officiel\",\"https:\/\/www.instagram.com\/footki_\/\",\"https:\/\/youtube.com\/footki_officiel\",\"https:\/\/www.linkedin.com\/company\/footki\/\"]}]}<\/script>\n<!-- \/ Yoast SEO Premium plugin. -->","yoast_head_json":{"title":"Footki - Jeu de foot fabriqu\u00e9 en France - Contactez-nous","description":"Jouer \u00e0 un jeu de foot \u00e9mergeant et ludique en 1 contre 1. Contactez-nous pour plus de d\u00e9tails","robots":{"index":"index","follow":"follow","max-snippet":"max-snippet:-1","max-image-preview":"max-image-preview:large","max-video-preview":"max-video-preview:-1"},"canonical":"https:\/\/footki.com\/en\/contact\/","og_locale":"en_US","og_type":"article","og_title":"Contact","og_description":"Jouer \u00e0 un jeu de foot \u00e9mergeant et ludique en 1 contre 1. Contactez-nous pour plus de d\u00e9tails","og_url":"https:\/\/footki.com\/en\/contact\/","og_site_name":"Footki","article_publisher":"https:\/\/www.facebook.com\/footki.officiel","article_modified_time":"2024-09-10T13:08:50+00:00","og_image":[{"width":1920,"height":1080,"url":"https:\/\/footki.com\/wp-content\/uploads\/2023\/07\/footki-jeu-quille-football-adresse-stade-club-exercice.jpg","type":"image\/jpeg"}],"twitter_card":"summary_large_image","twitter_misc":{"Est. reading time":"1 minute"},"schema":{"@context":"https:\/\/schema.org","@graph":[{"@type":"WebPage","@id":"https:\/\/footki.com\/contact\/","url":"https:\/\/footki.com\/contact\/","name":"Footki - Jeu de foot fabriqu\u00e9 en France - Contactez-nous","isPartOf":{"@id":"https:\/\/footki.com\/#website"},"datePublished":"2019-05-08T16:08:48+00:00","dateModified":"2024-09-10T13:08:50+00:00","description":"Jouer \u00e0 un jeu de foot \u00e9mergeant et ludique en 1 contre 1. Contactez-nous pour plus de d\u00e9tails","breadcrumb":{"@id":"https:\/\/footki.com\/contact\/#breadcrumb"},"inLanguage":"en-US","potentialAction":[{"@type":"ReadAction","target":["https:\/\/footki.com\/contact\/"]}]},{"@type":"BreadcrumbList","@id":"https:\/\/footki.com\/contact\/#breadcrumb","itemListElement":[{"@type":"ListItem","position":1,"name":"Accueil","item":"https:\/\/footki.com\/"},{"@type":"ListItem","position":2,"name":"Contact"}]},{"@type":"WebSite","@id":"https:\/\/footki.com\/#website","url":"https:\/\/footki.com\/","name":"Footki","description":"La pr\u00e9cision au bout du pied","publisher":{"@id":"https:\/\/footki.com\/#organization"},"potentialAction":[{"@type":"SearchAction","target":{"@type":"EntryPoint","urlTemplate":"https:\/\/footki.com\/?s={search_term_string}"},"query-input":"required name=search_term_string"}],"inLanguage":"en-US"},{"@type":"Organization","@id":"https:\/\/footki.com\/#organization","name":"Footki","url":"https:\/\/footki.com\/","logo":{"@type":"ImageObject","inLanguage":"en-US","@id":"https:\/\/footki.com\/#\/schema\/logo\/image\/","url":"https:\/\/footki.com\/wp-content\/uploads\/2023\/03\/logo-footki-officiel-1.png","contentUrl":"https:\/\/footki.com\/wp-content\/uploads\/2023\/03\/logo-footki-officiel-1.png","width":5954,"height":1820,"caption":"Footki"},"image":{"@id":"https:\/\/footki.com\/#\/schema\/logo\/image\/"},"sameAs":["https:\/\/www.facebook.com\/footki.officiel","https:\/\/www.instagram.com\/footki_\/","https:\/\/youtube.com\/footki_officiel","https:\/\/www.linkedin.com\/company\/footki\/"]}]}},"_links":{"self":[{"href":"https:\/\/footki.com\/en\/wp-json\/wp\/v2\/pages\/93","targetHints":{"allow":["GET"]}}],"collection":[{"href":"https:\/\/footki.com\/en\/wp-json\/wp\/v2\/pages"}],"about":[{"href":"https:\/\/footki.com\/en\/wp-json\/wp\/v2\/types\/page"}],"author":[{"embeddable":true,"href":"https:\/\/footki.com\/en\/wp-json\/wp\/v2\/users\/1"}],"replies":[{"embeddable":true,"href":"https:\/\/footki.com\/en\/wp-json\/wp\/v2\/comments?post=93"}],"version-history":[{"count":19,"href":"https:\/\/footki.com\/en\/wp-json\/wp\/v2\/pages\/93\/revisions"}],"predecessor-version":[{"id":36100,"href":"https:\/\/footki.com\/en\/wp-json\/wp\/v2\/pages\/93\/revisions\/36100"}],"wp:attachment":[{"href":"https:\/\/footki.com\/en\/wp-json\/wp\/v2\/media?parent=93"}],"curies":[{"name":"wp","href":"https:\/\/api.w.org\/{rel}","templated":true}]}}